{"id":17278,"date":"2017-12-14T13:01:48","date_gmt":"2017-12-14T13:01:48","guid":{"rendered":"https:\/\/hardbodysport.ro\/?post_type=product&#038;p=17278"},"modified":"2017-12-14T13:01:49","modified_gmt":"2017-12-14T13:01:49","slug":"omega-3-6-9-30-capsule-uleioase","status":"publish","type":"product","link":"https:\/\/hardbodysport.ro\/index.php\/produs\/omega-3-6-9-30-capsule-uleioase\/","title":{"rendered":"OMEGA 3-6-9, 30 capsule uleioase"},"content":{"rendered":"<p><strong>OMEGA 3-6-9 (1200 mg\/capsula)<\/strong>\u00a0este un amestec sinergetic\u00a0de acizi grasi\u00a0Omega 3, 6 si 9. cu o multitudine de proprietati de mentinere a sanatatii. Aceasta combinatie sinergetica de uleiuri naturale include (intr-o capsula): Acizii gra\u015fi Omega 3 (acid gras Alfa Linoleic), provin din ulei de pe\u015fte marin, contribuind la mentinerea echilibrului mental, concentrare \u015fi o inima sanatoasa. Acizii gra\u015fi Omega 6 (acid gras Gamma Linoleic) hidrateaza pielea, parul \u015fi unghiile,alina durerile de articulatie, iar Acizii gra\u015fi Omega 9 (acid gras Oleic),reduc\u00a0colesterolul, tensiunea arteriala \u015fi greutatea.<\/p>\n<div><strong>Ingrediente:<\/strong>\u00a0Ulei de peste marin (anchoa, sardine), ulei din seminte de in (linum usitalissimum) si ulei de limba mielului (borago officinalis).<\/div>\n<p><strong>Utilizare:<\/strong>\u00a0Ca supliment alimentar luati 1-2 capsule de 2 ori pe zi, administrate oral cu apa, dimineata si pranz, inainte de masa, pe o perioada de 1-3 luni.<\/p>\n","protected":false},"excerpt":{"rendered":"<p>OMEGA 3-6-9 (1200 mg\/capsula)\u00a0este un amestec sinergetic\u00a0de acizi grasi\u00a0Omega 3, 6 si 9. cu o multitudine de proprietati de mentinere a sanatatii. Aceasta combinatie sinergetica de<span class=\"excerpt-hellip\"> [\u2026]<\/span><\/p>\n","protected":false},"featured_media":17279,"template":"","meta":[],"_links":{"self":[{"href":"https:\/\/hardbodysport.ro\/index.php\/wp-json\/wp\/v2\/product\/17278"}],"collection":[{"href":"https:\/\/hardbodysport.ro\/index.php\/wp-json\/wp\/v2\/product"}],"about":[{"href":"https:\/\/hardbodysport.ro\/index.php\/wp-json\/wp\/v2\/types\/product"}],"wp:featuredmedia":[{"embeddable":true,"href":"https:\/\/hardbodysport.ro\/index.php\/wp-json\/wp\/v2\/media\/17279"}],"wp:attachment":[{"href":"https:\/\/hardbodysport.ro\/index.php\/wp-json\/wp\/v2\/media?parent=17278"}],"curies":[{"name":"wp","href":"https:\/\/api.w.org\/{rel}","templated":true}]}}