{"id":17212,"date":"2017-12-14T11:56:28","date_gmt":"2017-12-14T11:56:28","guid":{"rendered":"https:\/\/hardbodysport.ro\/?post_type=product&#038;p=17212"},"modified":"2017-12-14T11:56:28","modified_gmt":"2017-12-14T11:56:28","slug":"premium-whey-protein-750g-capsuni","status":"publish","type":"product","link":"https:\/\/hardbodysport.ro\/index.php\/produs\/premium-whey-protein-750g-capsuni\/","title":{"rendered":"PREMIUM WHEY PROTEIN, 750g capsuni"},"content":{"rendered":"<p><strong>Premium Whey Protein<\/strong> este un excelent concentrat proteic care furnizeaza tot spectrul de aminoacizi necesari creerii unei stari anabolice favorabile dezvoltarii masei musculare fara adaos de grasimi.\u00a0 Nivelele foarte mari de lactalbumina si lactoglobulina prezente in\u00a0 concentratul proteic de zer confera produsului o cantitate foarte mare de aminoacizi cu catena ramificata ( <strong>21.3 g de BCAA la 100 g de produs<\/strong>) cu valoare biologica ridicata. Premium Whey Protein ofer\u0103 un profil complet de aminoacizi, aminoacizi cu caten\u0103 ramificat\u0103 (BCAA) \u015fi acid glutamic, toti aflati intr-o proportie ideala pentru a asigura cresterea masei musculare, refacerea dupa efort si imbunatatirea sistemului imunitar.<\/p>\n<p><strong>Utilizare:<\/strong> 1m\u0103sur\u0103\u00a0 de produs ( 30 g) se amestec\u0103\u00a0 cu 250-300 ml de lapte degresat sau ap\u0103. Ca supliment alimentar se consum\u0103 1 &#8211; 2 por\u0163ii pe zi, intre mesele principale si dupa antrenament.<\/p>\n<p><strong>Compozi\u0163ie:<\/strong> Concentrat proteic din zer,\u00a0 fibre solubile (inulina, carboximetilceluloza), cacao pudr\u0103, arom\u0103 de ciocolat\u0103\/ capsuna\/ vanilie\/ acid citric, indulcitor mix, lecitin\u0103.\u00a0 <strong>PRODUSUL NU CON\u0162INE ZAH\u0102R!<\/strong><\/p>\n","protected":false},"excerpt":{"rendered":"<p>Premium Whey Protein este un excelent concentrat proteic care furnizeaza tot spectrul de aminoacizi necesari creerii unei stari anabolice favorabile dezvoltarii masei musculare fara adaos de<span class=\"excerpt-hellip\"> [\u2026]<\/span><\/p>\n","protected":false},"featured_media":17213,"template":"","meta":[],"_links":{"self":[{"href":"https:\/\/hardbodysport.ro\/index.php\/wp-json\/wp\/v2\/product\/17212"}],"collection":[{"href":"https:\/\/hardbodysport.ro\/index.php\/wp-json\/wp\/v2\/product"}],"about":[{"href":"https:\/\/hardbodysport.ro\/index.php\/wp-json\/wp\/v2\/types\/product"}],"wp:featuredmedia":[{"embeddable":true,"href":"https:\/\/hardbodysport.ro\/index.php\/wp-json\/wp\/v2\/media\/17213"}],"wp:attachment":[{"href":"https:\/\/hardbodysport.ro\/index.php\/wp-json\/wp\/v2\/media?parent=17212"}],"curies":[{"name":"wp","href":"https:\/\/api.w.org\/{rel}","templated":true}]}}