{"id":17210,"date":"2017-12-14T11:54:38","date_gmt":"2017-12-14T11:54:38","guid":{"rendered":"https:\/\/hardbodysport.ro\/?post_type=product&#038;p=17210"},"modified":"2017-12-19T11:57:07","modified_gmt":"2017-12-19T11:57:07","slug":"100-egg-protein-2500g","status":"publish","type":"product","link":"https:\/\/hardbodysport.ro\/index.php\/produs\/100-egg-protein-2500g\/","title":{"rendered":"100% EGG PROTEIN, 2500G"},"content":{"rendered":"<p><span style=\"color: #ff0000; font-size: large;\"><strong>100% EGG PROTEIN<\/strong><\/span>\u00a0<span style=\"color: #0000ff;\">este un concentrat proteic din albus de ou ce furnizeaz\u0103 20 g de proteina la o masura de 25 g. 100% Egg Protein reprezinta echivalentul nutritiv a 8,5 albu\u015furi de ou, si, fiind instantizat, dureaz\u0103 doar 10 secunde ca sa-l prepari. Produsul ofera un profil complet de aminoacizi, aminoacizi cu catena ramificata (BCAA) si acid glutamic.<\/span><\/p>\n<p><strong><span style=\"color: #ff0000;\">Compozitie:<\/span><\/strong>\u00a0Concentrat proteic din albus de ou, cacao pudra, aroma de ciocolata \/ capsuna \/ vanilie \/ acid citric, \u00eendulcitor mix, lecitin\u0103.\u00a0<strong>PRODUSUL NU CON\u0162INE ZAH\u0102R.<br \/>\n<\/strong><br \/>\n<span style=\"color: #ff0000;\"><strong>Utilizare:\u00a0<\/strong><\/span>1 masura de produs (25 g) se amesteca cu 250-300 ml de lapte degresat sau apa.Se consuma 1-3 portii pe zi, \u00eentre mesele principale si dupa antrenament.<\/p>\n<p><strong>Arome:<\/strong> ciocolata, vanilie. In comanda, specificati aroma dorita<\/p>\n","protected":false},"excerpt":{"rendered":"<p>100% EGG PROTEIN\u00a0este un concentrat proteic din albus de ou ce furnizeaz\u0103 20 g de proteina la o masura de 25 g. 100% Egg Protein reprezinta<span class=\"excerpt-hellip\"> [\u2026]<\/span><\/p>\n","protected":false},"featured_media":17282,"template":"","meta":[],"_links":{"self":[{"href":"https:\/\/hardbodysport.ro\/index.php\/wp-json\/wp\/v2\/product\/17210"}],"collection":[{"href":"https:\/\/hardbodysport.ro\/index.php\/wp-json\/wp\/v2\/product"}],"about":[{"href":"https:\/\/hardbodysport.ro\/index.php\/wp-json\/wp\/v2\/types\/product"}],"wp:featuredmedia":[{"embeddable":true,"href":"https:\/\/hardbodysport.ro\/index.php\/wp-json\/wp\/v2\/media\/17282"}],"wp:attachment":[{"href":"https:\/\/hardbodysport.ro\/index.php\/wp-json\/wp\/v2\/media?parent=17210"}],"curies":[{"name":"wp","href":"https:\/\/api.w.org\/{rel}","templated":true}]}}