{"id":17190,"date":"2017-12-14T10:59:03","date_gmt":"2017-12-14T10:59:03","guid":{"rendered":"https:\/\/hardbodysport.ro\/?post_type=product&#038;p=17190"},"modified":"2017-12-14T10:59:03","modified_gmt":"2017-12-14T10:59:03","slug":"glutamina-efervescenta-12-plicuri","status":"publish","type":"product","link":"https:\/\/hardbodysport.ro\/index.php\/produs\/glutamina-efervescenta-12-plicuri\/","title":{"rendered":"GLUTAMINA EFERVESCENTA, 12 PLICURI"},"content":{"rendered":"<p>Disponibilitate: \u00a0in stoc!<\/p>\n<p><strong>Descriere: <\/strong><\/p>\n<p><strong><span style=\"color: #ff0000; font-size: medium;\">EFFERVESCENT GLUTAMINE:<\/span><\/strong>\u00a0L- Gluamina este cel mai abundent aminoacid din organism, juc\u00e2nd un rol major \u00een cre\u015fterea muscular\u0103, recuperare \u015fi performan\u0163a sportiv\u0103, cre\u015fte nivelul de hormon de cre\u015ftere din organism, \u00eembun\u0103t\u0103\u0163e\u015fte reten\u0163ia de azot. Rezervele de glutamin\u0103 din organism sunt rapid epuizate datorit\u0103 efortului fizic, rezult\u00e2nd \u00een final o stare de catabolism (distrugerea \u0163esutului muscular). Noile studii clinice au ar\u0103tat c\u0103 glutamina efervescent\u0103 este mult mai bun\u0103 dec\u00e2t glutamina pulbere standard. Sistemul efervescent tamponeaz\u0103 acidul stomacal, care reduce conversia glutaminei \u00een citrulin\u0103, l\u0103s\u00e2nd mai mult\u0103 glutamin\u0103 ce va fi absorbit\u0103 \u00een circuitul sanguin.<br \/>\n<strong><span style=\"color: #ff0000;\">COMPOZI\u0162IE:<\/span><\/strong>\u00a0L- Glutamin\u0103 Ajinomoto (sub form\u0103 liber\u0103) 5000 mg, acid citric, bicarbonat de sodiu, arome diverse, mix de \u00eendulcitori, maltodextrin\u0103.<br \/>\n<strong><span style=\"color: #ff0000;\">UTILIZARE:<\/span><\/strong>\u00a0Dizolva\u0163i con\u0163inutul unui plic \u00een 200 ml de ap\u0103 pentru a ob\u0163ine o b\u0103utur\u0103 delicioas\u0103 \u015fi r\u0103coritoare. Folosi\u0163i 1 plic pe zi, \u00eenainte de antrenament.<\/p>\n<p><strong>AROME:<\/strong> lamai, portocale. Specificati in comanda aroma dorita<\/p>\n","protected":false},"excerpt":{"rendered":"<p>Disponibilitate: \u00a0in stoc! Descriere: EFFERVESCENT GLUTAMINE:\u00a0L- Gluamina este cel mai abundent aminoacid din organism, juc\u00e2nd un rol major \u00een cre\u015fterea muscular\u0103, recuperare \u015fi performan\u0163a sportiv\u0103, cre\u015fte<span class=\"excerpt-hellip\"> [\u2026]<\/span><\/p>\n","protected":false},"featured_media":17192,"template":"","meta":[],"_links":{"self":[{"href":"https:\/\/hardbodysport.ro\/index.php\/wp-json\/wp\/v2\/product\/17190"}],"collection":[{"href":"https:\/\/hardbodysport.ro\/index.php\/wp-json\/wp\/v2\/product"}],"about":[{"href":"https:\/\/hardbodysport.ro\/index.php\/wp-json\/wp\/v2\/types\/product"}],"wp:featuredmedia":[{"embeddable":true,"href":"https:\/\/hardbodysport.ro\/index.php\/wp-json\/wp\/v2\/media\/17192"}],"wp:attachment":[{"href":"https:\/\/hardbodysport.ro\/index.php\/wp-json\/wp\/v2\/media?parent=17190"}],"curies":[{"name":"wp","href":"https:\/\/api.w.org\/{rel}","templated":true}]}}