{"id":17184,"date":"2017-12-14T10:07:56","date_gmt":"2017-12-14T10:07:56","guid":{"rendered":"https:\/\/hardbodysport.ro\/?post_type=product&#038;p=17184"},"modified":"2017-12-14T11:13:51","modified_gmt":"2017-12-14T11:13:51","slug":"egg-amino-300-tablete","status":"publish","type":"product","link":"https:\/\/hardbodysport.ro\/index.php\/produs\/egg-amino-300-tablete\/","title":{"rendered":"EGG AMINO, 300 Tablete"},"content":{"rendered":"<p><strong><span style=\"color: #ff0000; font-size: large;\">EGG AMINO 5000\u00a0<\/span><\/strong><span style=\"color: #000080;\">este cea mai complet\u0103 \u015fi nutritiv\u0103 formul\u0103 de aminoacizi de pe pia\u0163\u0103.<\/span><br \/>\nFiecare tablet\u0103 furnizeaz\u0103 997 mg de albumin\u0103 de ou de \u00eenalt\u0103 puritate.<br \/>\nFormula este \u015ftiin\u0163ific elaborat\u0103 pentru a asigura cre\u015fterea masei musculare, recuperarea rapid\u0103 post-efort \u015fi \u00eembun\u0103t\u0103\u0163irea performan\u0163elor la antrenament.<br \/>\nFiecare por\u0163ie con\u0163ine aminoacizi concentra\u0163i deriva\u0163i din albumin\u0103 de ou de \u00eenalt\u0103 puritate, la care s-au ad\u0103ugat\u00a0<span style=\"color: #000080;\"><strong>aminoacizi BCAA sub form\u0103 liber\u0103, Extract de Tribulus, Taurin\u0103 \u015fi Arginin\u0103.<\/strong><\/span><\/p>\n<p><span style=\"color: #ff0000;\"><strong>Ingrediente:<\/strong><\/span>\u00a0concentrat de albu\u015f de ou de \u00eenalt\u0103 putitate, BCAA mix, taurin\u0103, tribulus terrestris extract, arginin\u0103, ingrediente de tabletare<\/p>\n<p><span style=\"color: #ff0000;\"><strong>Mod de administrare:<\/strong><\/span>\u00a0cate 5 tablete de 2 ori pe zi, dupa servirea mesei si imediat dupa antrenament.<\/p>\n","protected":false},"excerpt":{"rendered":"<p>EGG AMINO 5000\u00a0este cea mai complet\u0103 \u015fi nutritiv\u0103 formul\u0103 de aminoacizi de pe pia\u0163\u0103. Fiecare tablet\u0103 furnizeaz\u0103 997 mg de albumin\u0103 de ou de \u00eenalt\u0103 puritate.<span class=\"excerpt-hellip\"> [\u2026]<\/span><\/p>\n","protected":false},"featured_media":17199,"template":"","meta":[],"_links":{"self":[{"href":"https:\/\/hardbodysport.ro\/index.php\/wp-json\/wp\/v2\/product\/17184"}],"collection":[{"href":"https:\/\/hardbodysport.ro\/index.php\/wp-json\/wp\/v2\/product"}],"about":[{"href":"https:\/\/hardbodysport.ro\/index.php\/wp-json\/wp\/v2\/types\/product"}],"wp:featuredmedia":[{"embeddable":true,"href":"https:\/\/hardbodysport.ro\/index.php\/wp-json\/wp\/v2\/media\/17199"}],"wp:attachment":[{"href":"https:\/\/hardbodysport.ro\/index.php\/wp-json\/wp\/v2\/media?parent=17184"}],"curies":[{"name":"wp","href":"https:\/\/api.w.org\/{rel}","templated":true}]}}