{"id":2449,"date":"2015-03-17T11:18:18","date_gmt":"2015-03-17T11:18:18","guid":{"rendered":"http:\/\/themes.muffingroup.com\/be\/store\/my-account\/"},"modified":"2017-12-13T10:53:29","modified_gmt":"2017-12-13T10:53:29","slug":"contul-meu","status":"publish","type":"page","link":"https:\/\/hardbodysport.ro\/index.php\/contul-meu\/","title":{"rendered":"Contul Meu"},"content":{"rendered":"<div class=\"woocommerce\">\r\n\r\n\r\n\r\n<div class=\"u-columns col2-set\" id=\"customer_login\">\r\n\r\n\t<div class=\"u-column1 col-1\">\r\n\r\n\r\n\t\t<h2>Autentificare<\/h2>\r\n\r\n\t\t<form class=\"woocomerce-form woocommerce-form-login login\" method=\"post\">\r\n\r\n\t\t\t\r\n\t\t\t<p class=\"woocommerce-form-row woocommerce-form-row--wide form-row form-row-wide\">\r\n\t\t\t\t<label for=\"username\">Nume de utilizator sau adresa de e-mail <span class=\"required\">*<\/span><\/label>\r\n\t\t\t\t<input type=\"text\" class=\"woocommerce-Input woocommerce-Input--text input-text\" name=\"username\" id=\"username\" value=\"\" \/>\r\n\t\t\t<\/p>\r\n\t\t\t<p class=\"woocommerce-form-row woocommerce-form-row--wide form-row form-row-wide\">\r\n\t\t\t\t<label for=\"password\">Parol\u0103 <span class=\"required\">*<\/span><\/label>\r\n\t\t\t\t<input class=\"woocommerce-Input woocommerce-Input--text input-text\" type=\"password\" name=\"password\" id=\"password\" \/>\r\n\t\t\t<\/p>\r\n\r\n\t\t\t\r\n        <script src='https:\/\/www.google.com\/recaptcha\/api.js'><\/script>\r\n        <div class=\"g-recaptcha\" data-sitekey=\"6Lfp9a4UAAAAAJ4Q37OYCcsgeaFWHu8kM2RgPILw\"><\/div>\r\n        <br>\r\n\t\t\r\n\t\t\t<p class=\"form-row\">\r\n\t\t\t\t<input type=\"hidden\" id=\"woocommerce-login-nonce\" name=\"woocommerce-login-nonce\" value=\"84c3f4570f\" \/><input type=\"hidden\" name=\"_wp_http_referer\" value=\"\/index.php\/wp-json\/wp\/v2\/pages\/2449\" \/>\t\t\t\t<input type=\"submit\" class=\"woocommerce-Button button\" name=\"login\" value=\"Autentificare\" \/>\r\n\t\t\t\t<label class=\"woocommerce-form__label woocommerce-form__label-for-checkbox inline\">\r\n\t\t\t\t\t<input class=\"woocommerce-form__input woocommerce-form__input-checkbox\" name=\"rememberme\" type=\"checkbox\" id=\"rememberme\" value=\"forever\" \/> <span>\u021aine-m\u0103 minte<\/span>\r\n\t\t\t\t<\/label>\r\n\t\t\t<\/p>\r\n\t\t\t<p class=\"woocommerce-LostPassword lost_password\">\r\n\t\t\t\t<a href=\"https:\/\/hardbodysport.ro\/index.php\/contul-meu\/lost-password\/\">\u021ai-ai pierdut parola?<\/a>\r\n\t\t\t<\/p>\r\n\r\n\t\t\t\r\n\t\t<\/form>\r\n\r\n\r\n\t<\/div>\r\n\r\n\t<div class=\"u-column2 col-2\">\r\n\r\n\t\t<h2>\u00cenregistrare<\/h2>\r\n\r\n\t\t<form method=\"post\" class=\"register\">\r\n\r\n\t\t\t\r\n\t\t\t\r\n\t\t\t<p class=\"woocommerce-form-row woocommerce-form-row--wide form-row form-row-wide\">\r\n\t\t\t\t<label for=\"reg_email\">Adres\u0103 email <span class=\"required\">*<\/span><\/label>\r\n\t\t\t\t<input type=\"email\" class=\"woocommerce-Input woocommerce-Input--text input-text\" name=\"email\" id=\"reg_email\" value=\"\" \/>\r\n\t\t\t<\/p>\r\n\r\n\t\t\t\r\n\t\t\t\t<p class=\"woocommerce-form-row woocommerce-form-row--wide form-row form-row-wide\">\r\n\t\t\t\t\t<label for=\"reg_password\">Parol\u0103 <span class=\"required\">*<\/span><\/label>\r\n\t\t\t\t\t<input type=\"password\" class=\"woocommerce-Input woocommerce-Input--text input-text\" name=\"password\" id=\"reg_password\" \/>\r\n\t\t\t\t<\/p>\r\n\r\n\t\t\t\r\n\t\t\t<!-- Spam Trap -->\r\n\t\t\t<div style=\"left: -999em; position: absolute;\"><label for=\"trap\">Anti-spam<\/label><input type=\"text\" name=\"email_2\" id=\"trap\" tabindex=\"-1\" autocomplete=\"off\" \/><\/div>\r\n\r\n\t\t\t\r\n        <script src='https:\/\/www.google.com\/recaptcha\/api.js'><\/script>\r\n        <div class=\"g-recaptcha\" data-sitekey=\"6Lfp9a4UAAAAAJ4Q37OYCcsgeaFWHu8kM2RgPILw\"><\/div>\r\n        <br>\r\n\r\n        \r\n\t\t\t<p class=\"woocomerce-FormRow form-row\">\r\n\t\t\t\t<input type=\"hidden\" id=\"woocommerce-register-nonce\" name=\"woocommerce-register-nonce\" value=\"18d9dec7fb\" \/><input type=\"hidden\" name=\"_wp_http_referer\" value=\"\/index.php\/wp-json\/wp\/v2\/pages\/2449\" \/>\t\t\t\t<input type=\"submit\" class=\"woocommerce-Button button\" name=\"register\" value=\"\u00cenregistrare\" \/>\r\n\t\t\t<\/p>\r\n\r\n\t\t\t\r\n\t\t<\/form>\r\n\r\n\t<\/div>\r\n\r\n<\/div>\r\n\r\n<\/div>\n","protected":false},"excerpt":{"rendered":"Autentificare Nume de utilizator sau adresa de e-mail * Parol\u0103 * \u021aine-m\u0103 minte \u021ai-ai pierdut parola? \u00cenregistrare Adres\u0103 email * Parol\u0103 * Anti-spam","protected":false},"author":10,"featured_media":0,"parent":0,"menu_order":0,"comment_status":"closed","ping_status":"closed","template":"","meta":[],"_links":{"self":[{"href":"https:\/\/hardbodysport.ro\/index.php\/wp-json\/wp\/v2\/pages\/2449"}],"collection":[{"href":"https:\/\/hardbodysport.ro\/index.php\/wp-json\/wp\/v2\/pages"}],"about":[{"href":"https:\/\/hardbodysport.ro\/index.php\/wp-json\/wp\/v2\/types\/page"}],"author":[{"embeddable":true,"href":"https:\/\/hardbodysport.ro\/index.php\/wp-json\/wp\/v2\/users\/10"}],"replies":[{"embeddable":true,"href":"https:\/\/hardbodysport.ro\/index.php\/wp-json\/wp\/v2\/comments?post=2449"}],"version-history":[{"count":1,"href":"https:\/\/hardbodysport.ro\/index.php\/wp-json\/wp\/v2\/pages\/2449\/revisions"}],"predecessor-version":[{"id":17147,"href":"https:\/\/hardbodysport.ro\/index.php\/wp-json\/wp\/v2\/pages\/2449\/revisions\/17147"}],"wp:attachment":[{"href":"https:\/\/hardbodysport.ro\/index.php\/wp-json\/wp\/v2\/media?parent=2449"}],"curies":[{"name":"wp","href":"https:\/\/api.w.org\/{rel}","templated":true}]}}